{"id":1148,"date":"2020-10-20T21:46:44","date_gmt":"2020-10-20T21:46:44","guid":{"rendered":"http:\/\/sites.units.it\/sarafortuna\/?page_id=1148"},"modified":"2024-01-29T11:27:21","modified_gmt":"2024-01-29T11:27:21","slug":"corsi","status":"publish","type":"page","link":"https:\/\/sites.units.it\/sarafortuna\/index.php\/corsi\/","title":{"rendered":"Corsi Attuali"},"content":{"rendered":"<ul>\n<li>da a.a. 2020\/2021: Molecular Modelling for Life Sciences (PhD Chimica, ITN Network)<\/li>\n<li>da a.a. 2020\/2021: Analisi dei Medicinali (CdL Farmacia):\n<ul>\n<li>Programma su <a href=\"https:\/\/esse3.units.it\/Guide\/PaginaADErogata.do?ad_er_id=2020*N0*N0*S2*291707*115628&amp;ANNO_ACCADEMICO=2020&amp;mostra_percorsi=S\">ESSE3<\/a><\/li>\n<li>Slides su <a href=\"https:\/\/moodle2.units.it\/course\/view.php?id=7205\">MOODLE2<\/a><\/li>\n<li>Videolezioni su <a href=\"https:\/\/web.microsoftstream.com\/group\/1968a580-8498-4755-acae-2554771af1a5?view=videos\">Stream)<\/a><\/li>\n<\/ul>\n<\/li>\n<li>da a.a. 2019\/2020: Principi di Modellazione Molecolare (CdL CTF):\n<ul>\n<li>Programma su <a href=\"https:\/\/esse3.units.it\/Guide\/PaginaADErogata.do?ad_er_id=2019*N0*N0*S2*248476*115959&amp;ANNO_ACCADEMICO=2019&amp;mostra_percorsi=S\">ESSE3<\/a><\/li>\n<li>Slides su <a href=\"https:\/\/moodle2.units.it\/course\/view.php?id=5917\">MOODLE2<\/a><\/li>\n<li>Videolezioni su <a href=\"https:\/\/web.microsoftstream.com\/group\/c6edaea7-8556-4159-ba71-7460b3a45d53?view=videos\">Stream<\/a><\/li>\n<\/ul>\n<\/li>\n<\/ul>\n<h3>Possibili argomenti di TESI di LAUREA 2020\/2021 e 2021\/2022:<\/h3>\n<p>Studenti disposti a lavorare sugli aspetti computazionali o sperimentali dei progetti seguenti, possono contattarmi via e-mail a <a href=\"mailto:s.fortuna@units.it\">s.fortuna@units.it<\/a> (Sara Fortuna).<\/p>\n<ul>\n<li><strong>Ottimizazione e caratterizzazione di anticorpi per la ricerca sul cancro.<\/strong> Un numero crescente di applicazioni in medicina e biologia richiede la disponibilit\u00e0 di anticorpi specifici. Questi sono tradizionalmente sviluppati con metodi <em>in vitro<\/em> o <em>in vivo<\/em>. Noi abbiamo scelto un&#8217;altra strada: invece di fare affidamento sull&#8217;immunizzazione animale, ci avvaliamo di librerie sintetiche e caratterizzazione computazionale e del design computazionale seguito dalla caratterizzazione in vitro. Il tuo progetto pu\u00f2 esplorare qualsiasi aspetto del processo. In questo progetto inolte contribuirai a ridurre l&#8217;uso di animali nella ricerca biologica e medica. Questa attivit\u00e0, essendo il risultato di una collaborazione sinergica con Ario de Marco (Universit\u00e0 di Nova Gorica, Slovenia), potrebbe avere la possibilit\u00e0 di essere sostenuta da una borsa di studio Erasmus.<\/li>\n<li><strong>Caratterizzazione farmaco\/recettore.<\/strong> Tramite tecniche di modellazione per omologia, docking, e simulazioni di dinamica molecolare caratterizzerai computazionalmente una serie di composti sintetizzati in laboratorio. Questa puo&#8217; essere una tesi solo teorica oppure teorico\/sperimentale in collaborazione con il gruppo <a href=\"https:\/\/dscf.units.it\/en\/research\/researchareas\/researchgroups\/7416?q=en\/node\/6395\">Zampieri\/Mamolo<\/a>.<\/li>\n<li><strong>Effetto delle mutazioni coinvolte nelle patologie neurologiche pediatriche.<\/strong> Tramite tecniche di modellazione per omologia e simulazioni di dinamica molecolare e confronterai una serie di mutanti con la proteina wilde type. L&#8217;obiettivo sara&#8217;\u00a0 supportare medici e biologi nella caratterizzazione delle mutazioni proteiche responsabili dei disturbi neurologici pediatrici. Questo progetto e&#8217; in collaborazione con Vincenzo Salpietro (Istituto Pediatrico Gaslini, Genova) e i ricercatori dell&#8217;University College, London. Un esempio di del nostro lavoro lo si puo&#8217; leggere in questo <a href=\"https:\/\/www.gaslini.org\/comunicati-stampa\/identificata-dai-ricercatori-del-gaslini-una-nuova-causa-di-epilessia-ed-autismo-infantile-in-collaborazione-con-il-premio-nobel-per-la-medicina-james-rothman\/\">comunicato stampa<\/a>.<\/li>\n<\/ul>\n<h3><\/h3>\n<h3>Corsi anni precedenti:<\/h3>\n<ul>\n<li>fino a.a. <strong>2017\/2018 <\/strong><a href=\"https:\/\/sites.units.it\/sarafortuna\/index.php\/idoneita-informatica-pratica\/farmacia\/\">Idoneita\u2019 Informatica Pratica<\/a> (CdL Farmacia)<\/li>\n<li>fino a.a. <strong>2017\/2018<\/strong> <a href=\"https:\/\/sites.units.it\/sarafortuna\/index.php\/idoneita-informatica-pratica\/ctf\/\">Idoneita\u2019 Informatica Pratica<\/a> (CdL modulo, CTF)<\/li>\n<\/ul>\n<p>&nbsp;<\/p>\n<p>&nbsp;<\/p>\n","protected":false},"excerpt":{"rendered":"<p>da a.a. 2020\/2021: Molecular Modelling for Life Sciences (PhD Chimica, ITN Network) da a.a. 2020\/2021: Analisi dei Medicinali (CdL Farmacia): Programma su ESSE3 Slides su MOODLE2 Videolezioni su Stream) da a.a. 2019\/2020: Principi di Modellazione Molecolare (CdL CTF): Programma su ESSE3 Slides su MOODLE2 Videolezioni su Stream Possibili argomenti di TESI di LAUREA 2020\/2021 e [&hellip;]<\/p>\n","protected":false},"author":1,"featured_media":0,"parent":0,"menu_order":0,"comment_status":"closed","ping_status":"closed","template":"","meta":{"footnotes":""},"yoast_head":"<!-- This site is optimized with the Yoast SEO plugin v21.9.1 - https:\/\/yoast.com\/wordpress\/plugins\/seo\/ -->\n<title>Corsi Attuali - SARA (Fortuna) Research Team<\/title>\n<meta name=\"robots\" content=\"index, follow, max-snippet:-1, max-image-preview:large, max-video-preview:-1\" \/>\n<link rel=\"canonical\" href=\"https:\/\/sites.units.it\/sarafortuna\/index.php\/corsi\/\" \/>\n<meta property=\"og:locale\" content=\"en_US\" \/>\n<meta property=\"og:type\" content=\"article\" \/>\n<meta property=\"og:title\" content=\"Corsi Attuali - SARA (Fortuna) Research Team\" \/>\n<meta property=\"og:description\" content=\"da a.a. 2020\/2021: Molecular Modelling for Life Sciences (PhD Chimica, ITN Network) da a.a. 2020\/2021: Analisi dei Medicinali (CdL Farmacia): Programma su ESSE3 Slides su MOODLE2 Videolezioni su Stream) da a.a. 2019\/2020: Principi di Modellazione Molecolare (CdL CTF): Programma su ESSE3 Slides su MOODLE2 Videolezioni su Stream Possibili argomenti di TESI di LAUREA 2020\/2021 e [&hellip;]\" \/>\n<meta property=\"og:url\" content=\"https:\/\/sites.units.it\/sarafortuna\/index.php\/corsi\/\" \/>\n<meta property=\"og:site_name\" content=\"SARA (Fortuna) Research Team\" \/>\n<meta property=\"article:modified_time\" content=\"2024-01-29T11:27:21+00:00\" \/>\n<meta name=\"twitter:card\" content=\"summary_large_image\" \/>\n<meta name=\"twitter:label1\" content=\"Est. reading time\" \/>\n\t<meta name=\"twitter:data1\" content=\"2 minutes\" \/>\n<script type=\"application\/ld+json\" class=\"yoast-schema-graph\">{\"@context\":\"https:\/\/schema.org\",\"@graph\":[{\"@type\":\"WebPage\",\"@id\":\"https:\/\/sites.units.it\/sarafortuna\/index.php\/corsi\/\",\"url\":\"https:\/\/sites.units.it\/sarafortuna\/index.php\/corsi\/\",\"name\":\"Corsi Attuali - SARA (Fortuna) Research Team\",\"isPartOf\":{\"@id\":\"https:\/\/sites.units.it\/sarafortuna\/#website\"},\"datePublished\":\"2020-10-20T21:46:44+00:00\",\"dateModified\":\"2024-01-29T11:27:21+00:00\",\"inLanguage\":\"en-US\",\"potentialAction\":[{\"@type\":\"ReadAction\",\"target\":[\"https:\/\/sites.units.it\/sarafortuna\/index.php\/corsi\/\"]}]},{\"@type\":\"WebSite\",\"@id\":\"https:\/\/sites.units.it\/sarafortuna\/#website\",\"url\":\"https:\/\/sites.units.it\/sarafortuna\/\",\"name\":\"SARA (Fortuna) Research Team\",\"description\":\"Self-Assembly, Recognition, and Applications\",\"potentialAction\":[{\"@type\":\"SearchAction\",\"target\":{\"@type\":\"EntryPoint\",\"urlTemplate\":\"https:\/\/sites.units.it\/sarafortuna\/?s={search_term_string}\"},\"query-input\":\"required name=search_term_string\"}],\"inLanguage\":\"en-US\"}]}<\/script>\n<!-- \/ Yoast SEO plugin. -->","yoast_head_json":{"title":"Corsi Attuali - SARA (Fortuna) Research Team","robots":{"index":"index","follow":"follow","max-snippet":"max-snippet:-1","max-image-preview":"max-image-preview:large","max-video-preview":"max-video-preview:-1"},"canonical":"https:\/\/sites.units.it\/sarafortuna\/index.php\/corsi\/","og_locale":"en_US","og_type":"article","og_title":"Corsi Attuali - SARA (Fortuna) Research Team","og_description":"da a.a. 2020\/2021: Molecular Modelling for Life Sciences (PhD Chimica, ITN Network) da a.a. 2020\/2021: Analisi dei Medicinali (CdL Farmacia): Programma su ESSE3 Slides su MOODLE2 Videolezioni su Stream) da a.a. 2019\/2020: Principi di Modellazione Molecolare (CdL CTF): Programma su ESSE3 Slides su MOODLE2 Videolezioni su Stream Possibili argomenti di TESI di LAUREA 2020\/2021 e [&hellip;]","og_url":"https:\/\/sites.units.it\/sarafortuna\/index.php\/corsi\/","og_site_name":"SARA (Fortuna) Research Team","article_modified_time":"2024-01-29T11:27:21+00:00","twitter_card":"summary_large_image","twitter_misc":{"Est. reading time":"2 minutes"},"schema":{"@context":"https:\/\/schema.org","@graph":[{"@type":"WebPage","@id":"https:\/\/sites.units.it\/sarafortuna\/index.php\/corsi\/","url":"https:\/\/sites.units.it\/sarafortuna\/index.php\/corsi\/","name":"Corsi Attuali - SARA (Fortuna) Research Team","isPartOf":{"@id":"https:\/\/sites.units.it\/sarafortuna\/#website"},"datePublished":"2020-10-20T21:46:44+00:00","dateModified":"2024-01-29T11:27:21+00:00","inLanguage":"en-US","potentialAction":[{"@type":"ReadAction","target":["https:\/\/sites.units.it\/sarafortuna\/index.php\/corsi\/"]}]},{"@type":"WebSite","@id":"https:\/\/sites.units.it\/sarafortuna\/#website","url":"https:\/\/sites.units.it\/sarafortuna\/","name":"SARA (Fortuna) Research Team","description":"Self-Assembly, Recognition, and Applications","potentialAction":[{"@type":"SearchAction","target":{"@type":"EntryPoint","urlTemplate":"https:\/\/sites.units.it\/sarafortuna\/?s={search_term_string}"},"query-input":"required name=search_term_string"}],"inLanguage":"en-US"}]}},"_links":{"self":[{"href":"https:\/\/sites.units.it\/sarafortuna\/index.php\/wp-json\/wp\/v2\/pages\/1148"}],"collection":[{"href":"https:\/\/sites.units.it\/sarafortuna\/index.php\/wp-json\/wp\/v2\/pages"}],"about":[{"href":"https:\/\/sites.units.it\/sarafortuna\/index.php\/wp-json\/wp\/v2\/types\/page"}],"author":[{"embeddable":true,"href":"https:\/\/sites.units.it\/sarafortuna\/index.php\/wp-json\/wp\/v2\/users\/1"}],"replies":[{"embeddable":true,"href":"https:\/\/sites.units.it\/sarafortuna\/index.php\/wp-json\/wp\/v2\/comments?post=1148"}],"version-history":[{"count":34,"href":"https:\/\/sites.units.it\/sarafortuna\/index.php\/wp-json\/wp\/v2\/pages\/1148\/revisions"}],"predecessor-version":[{"id":1556,"href":"https:\/\/sites.units.it\/sarafortuna\/index.php\/wp-json\/wp\/v2\/pages\/1148\/revisions\/1556"}],"wp:attachment":[{"href":"https:\/\/sites.units.it\/sarafortuna\/index.php\/wp-json\/wp\/v2\/media?parent=1148"}],"curies":[{"name":"wp","href":"https:\/\/api.w.org\/{rel}","templated":true}]}}