{"id":444,"date":"2022-06-07T14:30:09","date_gmt":"2022-06-07T14:30:09","guid":{"rendered":"https:\/\/www2.units.it\/ecowelfare\/?page_id=444"},"modified":"2024-01-19T15:06:49","modified_gmt":"2024-01-19T15:06:49","slug":"invited-lectures","status":"publish","type":"page","link":"https:\/\/sites.units.it\/ecowelfare\/index.php\/invited-lectures\/","title":{"rendered":"Invited lectures"},"content":{"rendered":"\n<h4 class=\"wp-block-heading\">12 january 2024<br>camera di commercio di belluno e treviso (Belluno)<\/h4>\n\n\n\n<p>Event: <em><a href=\"https:\/\/www.dolomitiunesco.info\/wp-content\/uploads\/2024\/01\/LOCANDINA_montagneincambiamento.pdf\">Montagne in Cambiamento<\/a><\/em><br>Lecture by Lorenzo De Vidovich: <em>Povert\u00e0 energetica e prospettive eco-sociali per le aree dolomitiche<\/em><br> <\/p>\n\n\n\n<h4 class=\"wp-block-heading\">7 december 2023<br>university of trento<\/h4>\n\n\n\n<p>Academic lecture by Lorenzo De Vidovich: <em><strong>Eco-welfare e povert\u00e0 energetica: temi, studi e ricerche<\/strong><\/em>, course &#8220;Global and Local Studies&#8221;, master&#8217;s degree in Sociology. Professor: Natalia Magnani<\/p>\n\n\n\n<h4 class=\"wp-block-heading\">6 december 2023<br>camera di commercio di udine e pordenone (Udine)<\/h4>\n\n\n\n<p>Event: <em>Comunit\u00e0 Energetiche: affrontare la transizione energetica a Udine <\/em><br>Public speech by Lorenzo De Vidovich: <em>CER e transizione energetica. Temi, tensioni e avanzamenti <\/em><\/p>\n\n\n\n<h4 class=\"wp-block-heading\">5 december 2023<br>University of Trieste<\/h4>\n\n\n\n<p>Event: seminar <em>Comunit\u00e0 energetiche rinnovabili, pubbliche amministrazioni, enti del Terzo Settore, mercato e tecnologia. Quali prospettive di sviluppo e quali forme di partecipazione? <\/em><br>Lecture by Lorenzo De Vidovich: <em><strong>Comunit\u00e0 energetiche rinnovabili ed enti del Terzo Settore: ruoli e sinergie nel quadro di regolazione<\/strong><br> <\/em><\/p>\n\n\n\n<h4 class=\"wp-block-heading\">11 november 2023<br>University of milan-bicocca<\/h4>\n\n\n\n<p>Academic lecture by Lorenzo De Vidovich: <em><strong>Eco-welfare e povert\u00e0 energetica: temi, studi e ricerche<\/strong><\/em>, course &#8220;Governance e Sistemi Locali di Welfare&#8221;, master&#8217;s degree in Sociology and Social Research. Professor: Carlotta Mozzana<\/p>\n\n\n\n<h4 class=\"wp-block-heading\">28 october 2023<br>Salone palazzo dei trecento (Treviso)<\/h4>\n\n\n\n<p>Event: <em>Il volontariato tra associazioni e istituzioni. La partecipazione come esperienza organizzata<\/em>, organized by CSV, Centri Servizi per il Volontariato, Belluno e Treviso<br>Lecture by Lorenzo De Vidovich: <em><strong>Welfare territoriale tra innovazione e prossimit\u00e0 <\/strong><\/em><br><a href=\"https:\/\/www.csvbltv.it\/informazione-e-comunicazione\/atti-del-convegno-il-volontario-tra-associazioni-e-istituzioni-la-partecipazione-come-esperienza-organizzata\/\">More info here<\/a><\/p>\n\n\n\n<h4 class=\"wp-block-heading\">26 October 2023<br>Sala Anton Gregor\u010di\u010d (Gorizia)<\/h4>\n\n\n\n<p>Event: Comunit\u00e0 Energetiche Rinnovabili e Solidali, CERSGO, by Legambiente Gorizia<br>Lecture by Lorenzo De Vidovich: <em><strong>Fare inclusione. Riflessioni da un percorso partecipativo verso una CER <\/strong><\/em><\/p>\n\n\n\n<h4 class=\"wp-block-heading\">26 october 2023<br>IRSSES (ISTITUTO REGIONALE PER GLI STUDI DI SERVIZIO SOCIALE, FVG)<\/h4>\n\n\n\n<p>Lecture by Lorenzo De Vidovich: <em><a href=\"http:\/\/www.irsses.it\/eventi\/wi-723-poverta-energetica-tra-welfare-e-ambiente\/\"><strong>Povert\u00e0 energetica tra welfare e ambiente. Una prima esplorazione in 4 quartieri ATER di Trieste<\/strong><\/a><\/em><\/p>\n\n\n\n<h4 class=\"wp-block-heading\">05 October 2023<br>CNR &#8211; IRCRES: Istituto di Ricerca sulla Crescita Economica Sostenibile del Consiglio Nazionale delle Ricerche (Rome)<\/h4>\n\n\n\n<p>Lecture by Lorenzo De Vidovich: <em><a href=\"https:\/\/blog.ircres.cnr.it\/?p=5654\"><strong>Eco-welfare e povert\u00e0 energetica nella crisi socio-ecologica<\/strong><\/a><\/em><br><\/p>\n\n\n\n<h4 class=\"wp-block-heading\">15 july 2023<br>VILLA VIGONI, centro italo-tedesco per il dialogo europeo (MENAGGIO, COMO)<\/h4>\n\n\n\n<p>Event: workshop <em><a rel=\"noreferrer noopener\" href=\"https:\/\/www.villavigoni.eu\/event\/organizzazione-e-diritto-una-relazione-ricorsiva\" target=\"_blank\"><strong>Organizzazione e diritto: una relazione ricorsiva? Considerazioni concettuali e loro applicazione alla transizione energetica: un confronto italo-tedesco<\/strong><\/a><\/em><br>Lecture by Lorenzo De Vidovich: <em>Emerging organizational fields of renewable energy communities in Italy<\/em><\/p>\n\n\n\n<h4 class=\"wp-block-heading\">20 june 2023<br>RETE ASSIST<\/h4>\n\n\n\n<p>Online lecture by Lorenzo De Vidovich: <em><a rel=\"noreferrer noopener\" aria-label=\"Eco-welfare e povert\u00e0 energetica nella crisi socio-ecologica  (opens in a new tab)\" href=\"https:\/\/www.reteassist.it\/news\/eco-welfare-e-povert%C3%A0-energetica-nella-crisi-socio-ecologica\" target=\"_blank\"><strong>Eco-welfare e povert\u00e0 energetica nella crisi socio-ecologica <\/strong><\/a><\/em><br><\/p>\n\n\n\n<h4 class=\"wp-block-heading\">04 june 2023<br><a href=\"http:\/\/www.awarenergy.it\/\" target=\"_blank\" rel=\"noreferrer noopener\" aria-label=\" (opens in a new tab)\">SUMMER SCHOOL AWARENERGY<\/a><br>SEXTEN (BZ)<\/h4>\n\n\n\n<p>Event: <strong>Summer School <em>Awarenergy<\/em><\/strong>, organized by <em>Centro Inter-dipartimentale &#8220;Giacomo Ciamician&#8221;<\/em><br>Lecture by Lorenzo De Vidovich: <em><strong>Energy transition, social (in)justice and the role of renewable energy communities <\/strong><\/em><br><\/p>\n\n\n\n<h4 class=\"wp-block-heading\">25 may 2023<br>Spazio35 (Udine)<\/h4>\n\n\n\n<p>Event: <em><a rel=\"noreferrer noopener\" href=\"https:\/\/www.facebook.com\/events\/704180304797116\/?ref=newsfeed\" target=\"_blank\"><strong>Territori e quartieri &#8211; Rigenerazione Urbana e Urbanistica: da Borgo Stazione alle citt\u00e0 nel mondo<\/strong><\/a><\/em>, <br>co-organized with the Orders of Architects of the Province of Udine [OAPPC] <br>Public speech by Lorenzo De Vidovich, with Nicola Vazzoler<\/p>\n\n\n\n<h4 class=\"wp-block-heading\">03 april 2023<br>University of Trieste<\/h4>\n\n\n\n<p>Event: academic lecture <em><strong>\u201cShould I build a wall?\u201d Prospettive integrate e ambiente<\/strong> ,<\/em> course \u201cDiritto ambientale europeo e comparato\u201d master\u2019s degree in Governmental sciences and public policies. Professor: Pasquale Viola. <br>Lecture by Lorenzo De Vidovich<\/p>\n\n\n\n<h4 class=\"wp-block-heading\">24 march 2023<br>University of trieste<\/h4>\n\n\n\n<p>Event: <a rel=\"noreferrer noopener\" aria-label=\" (opens in a new tab)\" href=\"https:\/\/terzosettore.info\/\" target=\"_blank\">Master DMTS (<\/a><em><a rel=\"noreferrer noopener\" aria-label=\" (opens in a new tab)\" href=\"https:\/\/terzosettore.info\/\" target=\"_blank\">Diritto e Management del Terzo Settore<\/a><\/em><a rel=\"noreferrer noopener\" aria-label=\" (opens in a new tab)\" href=\"https:\/\/terzosettore.info\/\" target=\"_blank\">)<\/a><br>Lecture by Lorenzo De Vidovich: <em>Modelli di welfare territoriale<\/em><\/p>\n\n\n\n<h4 class=\"wp-block-heading\">17 december 2022<br>Municipality of sasso di castalda (Pz)<\/h4>\n\n\n\n<p>Public event: <em><strong>Energia, Cooperazione, Comunit\u00e0. Le sfide della transizione energetica con il protagonismo dei cittadini: un\u2019opportunit\u00e0 per i territori <\/strong><\/em>Public speech by Lorenzo De Vidovich: <em>Dinamiche socio-organizzative per le comunit\u00e0 energetiche<\/em><\/p>\n\n\n\n<h4 class=\"wp-block-heading\">28 october 2022 + 17 november 2022<br>IRSSES (Istituto regionale per gli studi di servizio sociale, fvg)<\/h4>\n\n\n\n<p>Webinar series by Lorenzo De Vidovich: <em><a rel=\"noreferrer noopener\" aria-label=\" (opens in a new tab)\" href=\"http:\/\/www.irsses.it\/eventi\/wi-1022-le-dimensioni-sociali-della-poverta-energetica\/\" target=\"_blank\"><strong>Le dimensioni sociali della povert\u00e0 energetica<\/strong><\/a><\/em><\/p>\n\n\n\n<h4 class=\"wp-block-heading\">27 october 2022<br>CIRCOLO GLORIALANZA (PORDENONE)<\/h4>\n\n\n\n<p>Lecture by Lorenzo De Vidovich: <em><strong>Energia a chilometro zero: le comunit\u00e0 energetiche. Come e perch\u00e9 svilupparle<\/strong><\/em><\/p>\n\n\n\n<h4 class=\"wp-block-heading\" id=\"mce_4\">22 OCTOBER 2022<br><a rel=\"noreferrer noopener\" aria-label=\"RETHINKABLe - Festival delle economie trasformative e delle comunit\u00e0 territoriali (opens in a new tab)\" href=\"https:\/\/www.rethinkablefestival.com\/home\" target=\"_blank\">RETHINKABLe &#8211; Festival delle economie trasformative e delle comunit\u00e0 territorialI<\/a> @ Universit\u00e0 di trieste, polo di gorizia<\/h4>\n\n\n\n<p><a rel=\"noreferrer noopener\" aria-label=\"Roundtable Le comunit\u00e0 energetiche solidali\n (opens in a new tab)\" href=\"https:\/\/www.rethinkablefestival.com\/22-ottobre-22-cers\" target=\"_blank\">Roundtable <\/a><em><a rel=\"noreferrer noopener\" aria-label=\"Roundtable Le comunit\u00e0 energetiche solidali\n (opens in a new tab)\" href=\"https:\/\/www.rethinkablefestival.com\/22-ottobre-22-cers\" target=\"_blank\">Le comunit\u00e0 energetiche solidali<\/a><\/em><a rel=\"noreferrer noopener\" aria-label=\"Roundtable Le comunit\u00e0 energetiche solidali\n (opens in a new tab)\" href=\"https:\/\/www.rethinkablefestival.com\/22-ottobre-22-cers\" target=\"_blank\"><br><\/a>Lecture by Lorenzo De Vidovich: <em>Cosa sono le Comunit\u00e0 Energetiche Rinnovabili Solidali. Il valore strategico, le convenienze per le Comunit\u00e0<\/em><br><br>Participation by Giovanni Carrosio to the roundtable <a rel=\"noreferrer noopener\" aria-label=\"La Strategia Nazionale per le Aree Interne: verso una nuova stagione di progettualit\u00e0 in regione Friuli Venezia Giulia&nbsp; (opens in a new tab)\" href=\"https:\/\/www.rethinkablefestival.com\/22-ottobre-22-aree-interne\" target=\"_blank\"><em>La Strategia Nazionale per le Aree Interne: verso una nuova stagione di progettualit\u00e0 in regione Friuli Venezia Giulia&nbsp;<\/em><\/a><\/p>\n\n\n\n<h4 class=\"wp-block-heading\" id=\"mce_2\">19 october 2022<br><a href=\"https:\/\/www.aau.at\/blog\/wiwi_guest-lecture-addressing-energy-poverty-between-welfare-and-environment-dr-lorenzo-de-vidovich-19th-october-2022-400-p-m\/\">UNiversit\u00c4T klagenfurt<\/a><br><\/h4>\n\n\n\n<p>Guest lecture by Lorenzo De Vidovich<strong>: <em>Addressing energy poverty between welfare and environment <\/em><\/strong><br>Held at the Department of Geography and Regional Studies at the University of Klagenfurt<br><a rel=\"noreferrer noopener\" aria-label=\"Click here to watch the recording of the lecture (opens in a new tab)\" href=\"https:\/\/www.aau.at\/blog\/adressing-energy-poverty-between-welfare-and-environment\/\" target=\"_blank\">Click here to watch the recording<\/a><\/p>\n\n\n\n<h4 class=\"wp-block-heading\" id=\"mce_1\">30 September 2022<br><a rel=\"noreferrer noopener\" aria-label=\"Open night @\nMuseo della scienza e della tecnologia (opens in a new tab)\" href=\"https:\/\/www.museoscienza.org\/it\/offerta\/open-night-settembre-2022\" target=\"_blank\">Open night @<br>Museo della scienza e della tecnologia<\/a><br>Milano<\/h4>\n\n\n\n<p>Event: <strong>Una transizione energetica giusta<\/strong>, roundtable with Lorenzo De Vidovich, Gianluca Ruggieri and Leda Andreasi<br><\/p>\n\n\n\n<h4 class=\"wp-block-heading\">13 june 2022<br><a href=\"http:\/\/www.awarenergy.it\/\">Summer school AWAREnergy<\/a><br>SeXTEN (BZ)<\/h4>\n\n\n\n<p>Event: <strong>Summer School <em>Awarenergy<\/em><\/strong>, organized by <em>Centro Inter-dipartimentale &#8220;Giacomo Ciamician&#8221;<\/em><br>Lecture by Giovanni Carrosio: <em><a rel=\"noreferrer noopener\" aria-label=\" (opens in a new tab)\" href=\"https:\/\/www2.units.it\/ecowelfare\/wp-content\/uploads\/2022\/08\/Presentation-Carrosio-Awarenergy-Sola-lettura.pdf\" target=\"_blank\">Energy transition and social (in)justice<\/a><\/em><br>Lecture by Lorenzo De Vidovich: <em><a href=\"https:\/\/www2.units.it\/ecowelfare\/wp-content\/uploads\/2022\/09\/De-Vidovich-Summer-School-on-Energy-Ciamician.pdf\">The role of renewable energy communities in the energy transition<\/a><\/em><\/p>\n\n\n\n<h4 class=\"wp-block-heading\">06 june 2022<br>Officina dei beni comuni<br>LABSUS (LABORATORIO PER LA SUSSIDIARIET\u00e0)<\/h4>\n\n\n\n<p>Online event: <strong>Un patto per il clima. La cura del verde dei cittadini attivi fa la differenza?<\/strong> organized by Labsus (Laboratorio per la Sussidiariet\u00e0)<br>Participation to the roundtable by Lorenzo De Vidovich.<br>Recording available <a rel=\"noreferrer noopener\" aria-label=\" (opens in a new tab)\" href=\"https:\/\/youtu.be\/4Ly-LoIWOh8\" target=\"_blank\">here<\/a><\/p>\n\n\n\n<h4 class=\"wp-block-heading\">27 may 2022<br>Parco san giovanni (TRIESTE)<\/h4>\n\n\n\n<p>Event: <strong>Rose Libri Musica Vino<\/strong>, organized by the University of Trieste and <em>Cooperativa Agricola Monte San Pantaleone<\/em><br>Lecture by Giovanni Carrosio: <em>Retoriche egemoni e controcanto dei limiti <\/em><\/p>\n\n\n\n<h4 class=\"wp-block-heading\">5 may 2022<br>Parrocchia di nostra signora di sion (TRIESTE)<\/h4>\n\n\n\n<p>Event: <strong>La transizione energetica tra tecnologia ed uguaglianza sociale <\/strong><br>Lecture by Lorenzo De Vidovich: <em>Povert\u00e0 energetica, comunit\u00e0 energetiche <\/em><br>Recording available <a href=\"https:\/\/youtu.be\/u0vfAx9xVdo\" target=\"_blank\" rel=\"noreferrer noopener\" aria-label=\" (opens in a new tab)\">here<\/a><\/p>\n\n\n\n<h4 class=\"wp-block-heading\">26 april 2022<br>Forum Disuguaglianze diversit\u00e0, legambiente and forum del terzo settore<\/h4>\n\n\n\n<p>Event:<strong>Le periferie urbane. Dagli interventi straordinari alle politiche ordinarie @ Teatro de&#8217; Servi, Rome<\/strong><br>Lecture by Giovanni Carrosio:  <em>Le risposte alla crescente povert\u00e0 energetica <\/em><\/p>\n\n\n\n<h4 class=\"wp-block-heading\">20 april 2022<br>Municipality of San pietro al natisone (UDINE)<\/h4>\n\n\n\n<p>Event: <strong>European Integration &#8211; From Crisis to Catharsis<\/strong>, organized within the joint program between the Municipalities of San Pietro al Natisone (Italy) and Samberville (Belgium)<br>Lecture by Lorenzo De Vidovich: <em>Environment. How to deal with the environmental changes, from the White Paper on the Future of Europe<br><\/em><\/p>\n\n\n\n<h4 class=\"wp-block-heading\">31 march 2022<br>University of Bologna <\/h4>\n\n\n\n<p>Event:  <strong>Transizione energetica, giustizia sociale ed ecologia: tra ricerca e intervento<\/strong>, organized by <em>Centro Internazionale di Documentazione e Studi Sociologici sui Problemi del Lavoro<\/em>, University of Bologna  <br>Lecture by Giovanni Carrosio: <em>Giustizia sociale e spaziale nella transizione energetica<\/em><\/p>\n\n\n\n<h4 class=\"wp-block-heading\">15 march 2022<br>World social work day<\/h4>\n\n\n\n<p>Event: <strong>World Social Work Day @ University of Trieste<\/strong>, organized by IRSSES and the Department of Humanities<br>Lecture by Giovanni Carrosio: <em>Crisi del welfare e prospettiva eco-sociale<\/em><br>Lecture by Lorenzo De Vidovich: <em>La povert\u00e0 energetica in una prospettiva di ricerca. Strumenti concettuali per politiche eco-sociali<\/em><br>Recording available <a href=\"https:\/\/youtu.be\/gyPZtQBvIfs\" target=\"_blank\" rel=\"noreferrer noopener\" aria-label=\" (opens in a new tab)\">here<\/a><\/p>\n\n\n\n<h4 class=\"wp-block-heading\">11 march 2022<br>Arcidiocesi di Udine<\/h4>\n\n\n\n<p>Event:  <strong>SPES -Scuola di Politica ed Etica Sociale @ Centro Paolino d&#8217;Aquileia, Udine<\/strong><br>Lecture by Giovanni Carrosio: <em>Disuguaglianze e nuove marginalit\u00e0 territoriali. Azioni concrete di contrasto<\/em><\/p>\n\n\n\n<h4 class=\"wp-block-heading\">22 february &#8211; 1 march 2022<br><a href=\"https:\/\/compa.fvg.it\/\">COMPA FVG (centro di competenza anci per la PA &#8211; FVG)<\/a><br><\/h4>\n\n\n\n<p>Online event: Learning course <strong><em>Accesso all&#8217;energia, fonti rinnovabili e comunit\u00e0 energetiche locali,<\/em><\/strong> dedicated to public administrators and decision-makers<br>Lecture by Giovanni Carrosio (22 February 2022): <em>Le ragioni dello sviluppo sostenibile e politiche per la transizione energetica<\/em><br>Lecture by Lorenzo De Vidovich (1 March 2022): <em>Approcci e modelli per la realizzazione di comunit\u00e0 energetiche locali<\/em><\/p>\n\n\n\n<h4 class=\"wp-block-heading\">16 december 2021<br>Legambiente<\/h4>\n\n\n\n<p>Event:<strong>Comunit\u00e0 energetiche rinnovabili e solidali <\/strong><br>Lecture by Giovanni Carrosio: <em>Quale comunit\u00e0 per quale transizione<\/em><\/p>\n\n\n\n<h4 class=\"wp-block-heading\">13 december 2021<br>Regione Piemonte and Asvis<\/h4>\n\n\n\n<p>Event:<strong>Piemonte2027 Next Gen per lo sviluppo sostenibile <\/strong><br>Lecture by Giovanni Carrosio:  <em>Integrazione delle marginalit\u00e0 nella transizione ecologica <\/em><\/p>\n\n\n\n<h4 class=\"wp-block-heading\">3 december 2021<br>University of Padua<\/h4>\n\n\n\n<p>Event:<strong> Quale sostenibilit\u00e0. Politiche, indicatori, strategie e pratiche<\/strong>, organized by the Department of Political Science, Law and International Studies, and the Inter-departmental center <em>Levi Cases<\/em><br>Lecture by Giovanni Carrosio: <em>Transizione ecologica e giustizia eco-sociale?<\/em><\/p>\n\n\n\n<h4 class=\"wp-block-heading\">13 NOVEMBER 2021<br>METEOLAB\/CLIMALAB XII<\/h4>\n\n\n\n<p>Event: <strong>Meteolab\/Climalab XII &#8211; Transizione o transazione energetica? @ Forte di Bard (AO)<\/strong>, organized by Roberto Louvin and Luca Mercalli<br>Lecture by Lorenzo De Vidovich: <em>Nascita e sviluppo delle comunit\u00e0 energetiche<\/em><\/p>\n\n\n\n<h4 class=\"wp-block-heading\">6 october 2021<br>Asvis, Festival dello Sviluppo Sostenibile<\/h4>\n\n\n\n<p>Event: <strong>La giusta transizione ecologica: quando la societ\u00e0 \u00e8 pi\u00f9 avanti della politica @ Auditorium del Palazzo delle Esposizioni, Rome<\/strong><br>Lecture by Giovanni Carrosio: <em>Povert\u00e0 energetica e giustizia sociale: una ricerca nelle microaree di Trieste <\/em><\/p>\n\n\n\n<h4 class=\"wp-block-heading\">30 september 2021<br>AGENZIA PER lA COESIONE TERRITORIALE<em> <\/em>AND SIBATER<br><\/h4>\n\n\n\n<p>Online event: <strong>Banca della Terra e transizione ecologica. Per un uso ecosistemico delle terre abbandonate <\/strong><br>Lecture by Giovanni Carrosio: <em>Quale transizione ecologica? Una prospettiva territorialista<\/em><\/p>\n\n\n\n<h4 class=\"wp-block-heading\">28 june 2021<br>Officina Giovani Aree Interne <\/h4>\n\n\n\n<p>Online event:<strong> Sviluppo sostenibile: agricoltura e ambiente<\/strong><br>Short lecture by Lorenzo De Vidovich: <em>Ambiente e comunit\u00e0 energetiche<\/em><\/p>\n\n\n\n<p><br><\/p>\n","protected":false},"excerpt":{"rendered":"<p>12 january 2024camera di commercio di belluno e treviso (Belluno) Event: Montagne in CambiamentoLecture by Lorenzo De Vidovich: Povert\u00e0 energetica e prospettive eco-sociali per le aree dolomitiche 7 december 2023university of trento Academic lecture by Lorenzo De Vidovich: Eco-welfare e povert\u00e0 energetica: temi, studi e ricerche, course &#8220;Global and Local Studies&#8221;, master&#8217;s degree in Sociology. &hellip; <a href=\"https:\/\/sites.units.it\/ecowelfare\/index.php\/invited-lectures\/\" class=\"more-link\">Continue reading<span class=\"screen-reader-text\"> &#8220;Invited lectures&#8221;<\/span><\/a><\/p>\n","protected":false},"author":1,"featured_media":0,"parent":0,"menu_order":0,"comment_status":"closed","ping_status":"closed","template":"","meta":{"footnotes":""},"_links":{"self":[{"href":"https:\/\/sites.units.it\/ecowelfare\/index.php\/wp-json\/wp\/v2\/pages\/444"}],"collection":[{"href":"https:\/\/sites.units.it\/ecowelfare\/index.php\/wp-json\/wp\/v2\/pages"}],"about":[{"href":"https:\/\/sites.units.it\/ecowelfare\/index.php\/wp-json\/wp\/v2\/types\/page"}],"author":[{"embeddable":true,"href":"https:\/\/sites.units.it\/ecowelfare\/index.php\/wp-json\/wp\/v2\/users\/1"}],"replies":[{"embeddable":true,"href":"https:\/\/sites.units.it\/ecowelfare\/index.php\/wp-json\/wp\/v2\/comments?post=444"}],"version-history":[{"count":35,"href":"https:\/\/sites.units.it\/ecowelfare\/index.php\/wp-json\/wp\/v2\/pages\/444\/revisions"}],"predecessor-version":[{"id":718,"href":"https:\/\/sites.units.it\/ecowelfare\/index.php\/wp-json\/wp\/v2\/pages\/444\/revisions\/718"}],"wp:attachment":[{"href":"https:\/\/sites.units.it\/ecowelfare\/index.php\/wp-json\/wp\/v2\/media?parent=444"}],"curies":[{"name":"wp","href":"https:\/\/api.w.org\/{rel}","templated":true}]}}