{"id":178,"date":"2022-02-02T12:46:44","date_gmt":"2022-02-02T12:46:44","guid":{"rendered":"https:\/\/www2.units.it\/ecowelfare\/?page_id=178"},"modified":"2023-09-24T15:28:02","modified_gmt":"2023-09-24T15:28:02","slug":"seminars","status":"publish","type":"page","link":"https:\/\/sites.units.it\/ecowelfare\/index.php\/seminars\/","title":{"rendered":"Organized Seminars"},"content":{"rendered":"\n<p>The eco-welfare research group organized a panel on renewable energy communities at the 12th edition of <em>Trieste Next <\/em>?<\/p>\n\n\n\n<figure class=\"wp-block-image\"><img loading=\"lazy\" decoding=\"async\" width=\"1024\" height=\"576\" src=\"https:\/\/www2.units.it\/ecowelfare\/wp-content\/uploads\/2023\/09\/F59myJaW0AAldWr-1024x576.jpeg\" alt=\"\" class=\"wp-image-711\" srcset=\"https:\/\/sites.units.it\/ecowelfare\/wp-content\/uploads\/2023\/09\/F59myJaW0AAldWr-1024x576.jpeg 1024w, https:\/\/sites.units.it\/ecowelfare\/wp-content\/uploads\/2023\/09\/F59myJaW0AAldWr-300x169.jpeg 300w, https:\/\/sites.units.it\/ecowelfare\/wp-content\/uploads\/2023\/09\/F59myJaW0AAldWr-768x432.jpeg 768w, https:\/\/sites.units.it\/ecowelfare\/wp-content\/uploads\/2023\/09\/F59myJaW0AAldWr-1200x675.jpeg 1200w, https:\/\/sites.units.it\/ecowelfare\/wp-content\/uploads\/2023\/09\/F59myJaW0AAldWr.jpeg 1600w\" sizes=\"(max-width: 709px) 85vw, (max-width: 909px) 67vw, (max-width: 1362px) 62vw, 840px\" \/><\/figure>\n\n\n\n<figure class=\"wp-block-embed-youtube wp-block-embed is-type-video is-provider-youtube wp-embed-aspect-16-9 wp-has-aspect-ratio\"><div class=\"wp-block-embed__wrapper\">\n<iframe loading=\"lazy\" width=\"840\" height=\"473\" src=\"https:\/\/www.youtube.com\/embed\/lmm8owFCVOA?list=PLy1GYZ6zoim1Pkr1hcy2j1xdQb0sqJ0K1\" frameborder=\"0\" allow=\"accelerometer; autoplay; clipboard-write; encrypted-media; gyroscope; picture-in-picture; web-share\" allowfullscreen><\/iframe>\n<\/div><\/figure>\n\n\n\n<div class=\"wp-block-button aligncenter is-style-squared\"><a class=\"wp-block-button__link\" href=\"http:\/\/urly.it\/3gnsr\">Free access to our webinars<\/a><\/div>\n\n\n\n<h4 class=\"wp-block-heading\"><a rel=\"noreferrer noopener\" aria-label=\"Webinar series on energy poverty, vol 2: energy poverty between research and action - winter 2023 (opens in a new tab)\" href=\"https:\/\/www2.units.it\/ecowelfare\/wp-content\/uploads\/2023\/01\/UniTs_Webinars-poverta\u0300-energetica-vol.-2.pdf\" target=\"_blank\">Webinar series on energy poverty, vol 2: <em>energy poverty between research and action<\/em> &#8211; winter 2023<\/a><\/h4>\n\n\n\n<p>Supported by <a rel=\"noreferrer noopener\" href=\"https:\/\/ciamician.dia.units.it\/en\/\" target=\"_blank\">&#8220;Centro Interdipartimentale per l&#8217;Energia, l&#8217;Ambiente e i Trasporti <em>Giacomo Ciamician<\/em>&#8220;<\/a><\/p>\n\n\n\n<h3 class=\"wp-block-heading\">22 February, 4:30-6:30 PM<\/h3>\n\n\n\n<p><a href=\"https:\/\/www2.units.it\/ecowelfare\/wp-content\/uploads\/2023\/02\/4_Koukoufikis_22.2.23.pdf\" target=\"_blank\" rel=\"noreferrer noopener\" aria-label=\" (opens in a new tab)\">From&nbsp;niche to mainstream: energy poverty data and policies in the EU <\/a><\/p>\n\n\n\n<p><strong>GIORGOS KOUKOUFIKIS<\/strong> &#8211; JRC European Commission<\/p>\n\n\n\n<div class=\"wp-block-button aligncenter is-style-squared\"><a class=\"wp-block-button__link\" href=\"https:\/\/www2.units.it\/ecowelfare\/wp-content\/uploads\/2023\/02\/Koukoufikis_22.2.2023.pdf\">click here to download the presentation<\/a><\/div>\n\n\n\n<figure class=\"wp-block-embed-youtube wp-block-embed is-type-video is-provider-youtube wp-embed-aspect-16-9 wp-has-aspect-ratio\"><div class=\"wp-block-embed__wrapper\">\n<iframe loading=\"lazy\" width=\"840\" height=\"473\" src=\"https:\/\/www.youtube.com\/embed\/x-3F9ClafPw?feature=oembed\" frameborder=\"0\" allow=\"accelerometer; autoplay; clipboard-write; encrypted-media; gyroscope; picture-in-picture; web-share\" allowfullscreen title=\"Giorgos Koukoufikis - Energy poverty between research and action, webinar 4\"><\/iframe>\n<\/div><\/figure>\n\n\n\n<h3 class=\"wp-block-heading\">15 February 2023, 5-7 PM<\/h3>\n\n\n\n<p><a href=\"https:\/\/www2.units.it\/ecowelfare\/wp-content\/uploads\/2023\/02\/3_Schockaert_15.2.23.pdf\" target=\"_blank\" rel=\"noreferrer noopener\" aria-label=\" (opens in a new tab)\">Tackling energy poverty through community energy: from expectations <br> to reality<\/a><\/p>\n\n\n\n<p><strong>HELEEN SHOCKAERT<\/strong> &#8211; REScoop.eu<\/p>\n\n\n\n<div class=\"wp-block-button aligncenter is-style-squared\"><a class=\"wp-block-button__link\" href=\"https:\/\/www2.units.it\/ecowelfare\/wp-content\/uploads\/2023\/02\/Schockaert_15.2.2023.pdf\">click here to download the presentation<\/a><\/div>\n\n\n\n<figure class=\"wp-block-embed-youtube wp-block-embed is-type-video is-provider-youtube wp-embed-aspect-16-9 wp-has-aspect-ratio\"><div class=\"wp-block-embed__wrapper\">\n<iframe loading=\"lazy\" width=\"840\" height=\"473\" src=\"https:\/\/www.youtube.com\/embed\/EDm1PcbYTTU?feature=oembed\" frameborder=\"0\" allow=\"accelerometer; autoplay; clipboard-write; encrypted-media; gyroscope; picture-in-picture; web-share\" allowfullscreen title=\"Heleen Shockaert - Energy poverty between research and action, webinar 3\"><\/iframe>\n<\/div><\/figure>\n\n\n\n<h3 class=\"wp-block-heading\">7 February 2023, 4:30-6:30 PM<\/h3>\n\n\n\n<p><a href=\"https:\/\/www2.units.it\/ecowelfare\/wp-content\/uploads\/2023\/02\/2_Gouveia_7.2.23.pdf\" target=\"_blank\" rel=\"noreferrer noopener\" aria-label=\"Exploring energy poverty policies, research, and citizens support activities in Portugal (opens in a new tab)\">Exploring energy poverty policies, research, and citizens support activities in Portugal<\/a><\/p>\n\n\n\n<p><strong>JO\u00c3O PEDRO GOUVEIA<\/strong> &#8211; CENSE (Center for Environmental and Sustainability Research), FCT NOVA Lisbon<\/p>\n\n\n\n<div class=\"wp-block-button aligncenter is-style-squared\"><a class=\"wp-block-button__link\" href=\"https:\/\/www2.units.it\/ecowelfare\/wp-content\/uploads\/2023\/02\/2023_EP_Presentation-PT_UniTrieste-7thFEb2023_JPGouveia_compressed.pdf\">Click here to download the presentation<\/a><\/div>\n\n\n\n<figure class=\"wp-block-embed-youtube wp-block-embed is-type-video is-provider-youtube wp-embed-aspect-16-9 wp-has-aspect-ratio\"><div class=\"wp-block-embed__wrapper\">\n<iframe loading=\"lazy\" width=\"840\" height=\"473\" src=\"https:\/\/www.youtube.com\/embed\/LvTAzV0nBEo?feature=oembed\" frameborder=\"0\" allow=\"accelerometer; autoplay; clipboard-write; encrypted-media; gyroscope; picture-in-picture; web-share\" allowfullscreen title=\"Jo\u00e3o Pedro Gouveia - Energy poverty between research and action, webinar 2\"><\/iframe>\n<\/div><\/figure>\n\n\n\n<h3 class=\"wp-block-heading\">1 February 2023, 4:30-7 PM<\/h3>\n\n\n\n<p><a href=\"https:\/\/www2.units.it\/ecowelfare\/wp-content\/uploads\/2023\/02\/1_Varvesi_1.2.23.pdf\" target=\"_blank\" rel=\"noreferrer noopener\" aria-label=\"How to empower operators on energy poverty. The role of TED and Rete ASSIST [The Italian network of TEDs] (opens in a new tab)\">How to empower operators on energy poverty. The role of <\/a><em><a href=\"https:\/\/www2.units.it\/ecowelfare\/wp-content\/uploads\/2023\/02\/1_Varvesi_1.2.23.pdf\" target=\"_blank\" rel=\"noreferrer noopener\" aria-label=\"How to empower operators on energy poverty. The role of TED and Rete ASSIST [The Italian network of TEDs] (opens in a new tab)\">TED<\/a><\/em><a href=\"https:\/\/www2.units.it\/ecowelfare\/wp-content\/uploads\/2023\/02\/1_Varvesi_1.2.23.pdf\" target=\"_blank\" rel=\"noreferrer noopener\" aria-label=\"How to empower operators on energy poverty. The role of TED and Rete ASSIST [The Italian network of TEDs] (opens in a new tab)\"> and <\/a><em><a href=\"https:\/\/www2.units.it\/ecowelfare\/wp-content\/uploads\/2023\/02\/1_Varvesi_1.2.23.pdf\" target=\"_blank\" rel=\"noreferrer noopener\" aria-label=\"How to empower operators on energy poverty. The role of TED and Rete ASSIST [The Italian network of TEDs] (opens in a new tab)\">Rete ASSIST<\/a><\/em><a href=\"https:\/\/www2.units.it\/ecowelfare\/wp-content\/uploads\/2023\/02\/1_Varvesi_1.2.23.pdf\" target=\"_blank\" rel=\"noreferrer noopener\" aria-label=\"How to empower operators on energy poverty. The role of TED and Rete ASSIST [The Italian network of TEDs] (opens in a new tab)\"> [The Italian network of <\/a><em><a href=\"https:\/\/www2.units.it\/ecowelfare\/wp-content\/uploads\/2023\/02\/1_Varvesi_1.2.23.pdf\" target=\"_blank\" rel=\"noreferrer noopener\" aria-label=\"How to empower operators on energy poverty. The role of TED and Rete ASSIST [The Italian network of TEDs] (opens in a new tab)\">TED<\/a><\/em><a href=\"https:\/\/www2.units.it\/ecowelfare\/wp-content\/uploads\/2023\/02\/1_Varvesi_1.2.23.pdf\" target=\"_blank\" rel=\"noreferrer noopener\" aria-label=\"How to empower operators on energy poverty. The role of TED and Rete ASSIST [The Italian network of TEDs] (opens in a new tab)\">s]<\/a><\/p>\n\n\n\n<p><strong>MARINA VARVESI <\/strong>&#8211; President <em>Rete ASSIST<\/em><\/p>\n\n\n\n<div class=\"wp-block-button aligncenter is-style-squared\"><a class=\"wp-block-button__link\" href=\"https:\/\/www2.units.it\/ecowelfare\/wp-content\/uploads\/2023\/02\/Varvesi_1.2.2023.pdf\">Click here to download the presentation<\/a><\/div>\n\n\n\n<div class=\"wp-block-button aligncenter is-style-squared\"><a class=\"wp-block-button__link\" href=\"https:\/\/www2.units.it\/ecowelfare\/wp-content\/uploads\/2023\/02\/De-Vidovich_webinar-intro-EP_2023.pdf\">click here to download the webinars&#8217; intro<\/a><\/div>\n\n\n\n<figure class=\"wp-block-embed-youtube wp-block-embed is-type-video is-provider-youtube wp-embed-aspect-16-9 wp-has-aspect-ratio\"><div class=\"wp-block-embed__wrapper\">\n<iframe loading=\"lazy\" width=\"840\" height=\"473\" src=\"https:\/\/www.youtube.com\/embed\/3z01x8FDZEc?feature=oembed\" frameborder=\"0\" allow=\"accelerometer; autoplay; clipboard-write; encrypted-media; gyroscope; picture-in-picture; web-share\" allowfullscreen title=\"Marina Varvesi - Energy poverty between research and action, webinar 1\"><\/iframe>\n<\/div><\/figure>\n\n\n\n<hr class=\"wp-block-separator is-style-wide\"\/>\n\n\n\n<div class=\"wp-block-media-text alignwide\"><figure class=\"wp-block-media-text__media\"><img loading=\"lazy\" decoding=\"async\" width=\"724\" height=\"1024\" src=\"https:\/\/www2.units.it\/ecowelfare\/wp-content\/uploads\/2023\/01\/De-Vidovich_didattica-integrativa-724x1024.png\" alt=\"\" class=\"wp-image-605\" srcset=\"https:\/\/sites.units.it\/ecowelfare\/wp-content\/uploads\/2023\/01\/De-Vidovich_didattica-integrativa-724x1024.png 724w, https:\/\/sites.units.it\/ecowelfare\/wp-content\/uploads\/2023\/01\/De-Vidovich_didattica-integrativa-212x300.png 212w, https:\/\/sites.units.it\/ecowelfare\/wp-content\/uploads\/2023\/01\/De-Vidovich_didattica-integrativa-768x1086.png 768w, https:\/\/sites.units.it\/ecowelfare\/wp-content\/uploads\/2023\/01\/De-Vidovich_didattica-integrativa-1200x1697.png 1200w\" sizes=\"(max-width: 724px) 85vw, 724px\" \/><\/figure><div class=\"wp-block-media-text__content\">\n<p><strong>January 2022: Laboratory <\/strong><em><strong>Territori e Comunit\u00e0 nella Transizione Energetica<\/strong><\/em><\/p>\n\n\n\n<p>Dedicated to Bachelor&#8217;s and Master&#8217;s students in political sciences at the University of Trieste<\/p>\n\n\n\n<p><\/p>\n<\/div><\/div>\n\n\n\n<hr class=\"wp-block-separator is-style-wide\"\/>\n\n\n\n<h4 class=\"wp-block-heading\"><a rel=\"noreferrer noopener\" aria-label=\" (opens in a new tab)\" href=\"https:\/\/www2.units.it\/ecowelfare\/wp-content\/uploads\/2022\/04\/Webinars-poverta\u0300-energetica-UniTs.pdf\" target=\"_blank\">Webinar series ON ENERGY POVERTY, vol 1: <em>La dimensione sociale della povert\u00e0 energetica<\/em> &#8211; SPRING 2022<\/a><br><\/h4>\n\n\n\n<h3 class=\"wp-block-heading\">19 May 2022, 5-7 pm <\/h3>\n\n\n\n<p><strong><a href=\"https:\/\/www2.units.it\/ecowelfare\/wp-content\/uploads\/2022\/04\/Zivcic_19.5.22.pdf\" target=\"_blank\" rel=\"noreferrer noopener\" aria-label=\" (opens in a new tab)\">Energy poverty: a multidimensional challenge with varying regional specificities, but common underlying factors<\/a><\/strong><\/p>\n\n\n\n<p><strong>LIDIJA \u017dIV\u010cI\u010c<\/strong> &#8211; Focus, Association for Sustainable Development<br><\/p>\n\n\n\n<div class=\"wp-block-button aligncenter is-style-squared\"><a class=\"wp-block-button__link\" href=\"https:\/\/www2.units.it\/ecowelfare\/wp-content\/uploads\/2022\/05\/Z\u030civc\u030cic\u030c_UniTs_19.05.2022.pdf\">CLICK HERE TO DOWNLOAD THE PRESENTATION<\/a><\/div>\n\n\n\n<figure class=\"wp-block-embed-youtube wp-block-embed is-type-video is-provider-youtube wp-embed-aspect-16-9 wp-has-aspect-ratio\"><div class=\"wp-block-embed__wrapper\">\n<iframe loading=\"lazy\" width=\"840\" height=\"473\" src=\"https:\/\/www.youtube.com\/embed\/cVJEJivDyrY?feature=oembed\" frameborder=\"0\" allow=\"accelerometer; autoplay; clipboard-write; encrypted-media; gyroscope; picture-in-picture; web-share\" allowfullscreen title=\"Lidija \u017div\u010di\u010d - La dimensione sociale della povert\u00e0 energetica, webinar 4\"><\/iframe>\n<\/div><\/figure>\n\n\n\n<h3 class=\"wp-block-heading\">12 May 2022, 5-7 pm<\/h3>\n\n\n\n<p><strong><a href=\"https:\/\/www2.units.it\/ecowelfare\/wp-content\/uploads\/2022\/04\/Realini-et-al_12.5.22.pdf\" target=\"_blank\" rel=\"noreferrer noopener\" aria-label=\" (opens in a new tab)\">Povert\u00e0 energetica: (ri)conoscerla per contrastarla<\/a><\/strong><\/p>\n\n\n\n<p><strong>ANNA REALINI, MARCO BORGARELLO, SIMONE MAGGIORE<\/strong> &#8211;  RSE, Ricerca Sistema Energetico S.p.A.<br><\/p>\n\n\n\n<div class=\"wp-block-button aligncenter is-style-squared\"><a class=\"wp-block-button__link\" href=\"https:\/\/www2.units.it\/ecowelfare\/wp-content\/uploads\/2022\/05\/RSE_Realini-et.-al._12.5.22.pdf\">CLICK HERE TO DOWNLOAD THE PRESENTATION<\/a><\/div>\n\n\n\n<figure class=\"wp-block-embed-youtube wp-block-embed is-type-video is-provider-youtube wp-embed-aspect-16-9 wp-has-aspect-ratio\"><div class=\"wp-block-embed__wrapper\">\n<iframe loading=\"lazy\" width=\"840\" height=\"473\" src=\"https:\/\/www.youtube.com\/embed\/iFf-1II17e8?feature=oembed\" frameborder=\"0\" allow=\"accelerometer; autoplay; clipboard-write; encrypted-media; gyroscope; picture-in-picture; web-share\" allowfullscreen title=\"A. Realini, M. Borgarello, S. Maggiore - La dimensione sociale della povert\u00e0 energetica, webinar 3\"><\/iframe>\n<\/div><\/figure>\n\n\n\n<h3 class=\"wp-block-heading\">6 May 2022, 10-12 am <\/h3>\n\n\n\n<p><strong><a href=\"https:\/\/www2.units.it\/ecowelfare\/wp-content\/uploads\/2022\/04\/Bajomi_6.5.22.pdf\" target=\"_blank\" rel=\"noreferrer noopener\" aria-label=\" (opens in a new tab)\">Will plans to ease energy poverty go up in smoke? Assessing the Hungarian NECP through the lens of solid fuel users\u2019 vulnerabilities<\/a><\/strong><\/p>\n\n\n\n<p><strong>ANNA SZOFIA BAJOMI<\/strong> &#8211; Politecnico di Milano \u2013 Habitat for Humanity Hungary<br><\/p>\n\n\n\n<div class=\"wp-block-button aligncenter is-style-squared\"><a class=\"wp-block-button__link\" href=\"https:\/\/www2.units.it\/ecowelfare\/wp-content\/uploads\/2022\/05\/Bajomi_UniTs_06.05.22.pdf\">click here to download the presentation<\/a><\/div>\n\n\n\n<figure class=\"wp-block-embed-youtube wp-block-embed is-type-video is-provider-youtube wp-embed-aspect-16-9 wp-has-aspect-ratio\"><div class=\"wp-block-embed__wrapper\">\n<iframe loading=\"lazy\" width=\"840\" height=\"473\" src=\"https:\/\/www.youtube.com\/embed\/_wlwRxFCkN4?feature=oembed\" frameborder=\"0\" allow=\"accelerometer; autoplay; clipboard-write; encrypted-media; gyroscope; picture-in-picture; web-share\" allowfullscreen title=\"Anna Zsofia Bajomi - La dimensione sociale della povert\u00e0 energetica, webinar 2\"><\/iframe>\n<\/div><figcaption> <\/figcaption><\/figure>\n\n\n\n<h3 class=\"wp-block-heading\">27 April 2022, 05-07 pm<\/h3>\n\n\n\n<p><strong><a href=\"https:\/\/www2.units.it\/ecowelfare\/wp-content\/uploads\/2022\/04\/Della-Valle_27.4.22.pdf\" target=\"_blank\" rel=\"noreferrer noopener\" aria-label=\" (opens in a new tab)\">L\u2019approccio comportamentale alla povert\u00e0 energetica<\/a><\/strong><\/p>\n\n\n\n<p><strong>NIVES DELLA VALLE &#8211; <\/strong>Joint Research Centre, Ispra. European Commission<\/p>\n\n\n\n<div class=\"wp-block-button aligncenter is-style-squared\"><a class=\"wp-block-button__link\" href=\"https:\/\/www2.units.it\/ecowelfare\/wp-content\/uploads\/2022\/04\/Della-Valle_UniTs_27.04.2022.pdf\">click here to download the presentation<\/a><\/div>\n\n\n\n<div class=\"wp-block-button aligncenter is-style-squared\"><a class=\"wp-block-button__link\" href=\"https:\/\/www2.units.it\/ecowelfare\/wp-content\/uploads\/2022\/04\/De-Vidovich_Webinars-PE-UniTs_intro.pdf\">Click here to download the webinars&#8217; intro<\/a><\/div>\n\n\n\n<figure class=\"wp-block-embed-youtube wp-block-embed is-type-video is-provider-youtube wp-embed-aspect-16-9 wp-has-aspect-ratio\"><div class=\"wp-block-embed__wrapper\">\n<iframe loading=\"lazy\" width=\"840\" height=\"473\" src=\"https:\/\/www.youtube.com\/embed\/SuzV1Nd2kII?feature=oembed\" frameborder=\"0\" allow=\"accelerometer; autoplay; clipboard-write; encrypted-media; gyroscope; picture-in-picture; web-share\" allowfullscreen title=\"Nives Della Valle - La dimensione sociale della povert\u00e0 energetica, webinar 1\"><\/iframe>\n<\/div><\/figure>\n\n\n\n<hr class=\"wp-block-separator is-style-wide\"\/>\n\n\n\n<h3 class=\"wp-block-heading\">4 March 2022<\/h3>\n\n\n\n<div class=\"wp-block-media-text alignwide\" style=\"grid-template-columns:34% auto\"><figure class=\"wp-block-media-text__media\"><img loading=\"lazy\" decoding=\"async\" width=\"768\" height=\"1024\" src=\"https:\/\/www2.units.it\/ecowelfare\/wp-content\/uploads\/2022\/02\/Locandina_Ciamician-CER-768x1024.jpg\" alt=\"\" class=\"wp-image-227\" srcset=\"https:\/\/sites.units.it\/ecowelfare\/wp-content\/uploads\/2022\/02\/Locandina_Ciamician-CER-768x1024.jpg 768w, https:\/\/sites.units.it\/ecowelfare\/wp-content\/uploads\/2022\/02\/Locandina_Ciamician-CER-225x300.jpg 225w, https:\/\/sites.units.it\/ecowelfare\/wp-content\/uploads\/2022\/02\/Locandina_Ciamician-CER-1200x1600.jpg 1200w\" sizes=\"(max-width: 768px) 85vw, 768px\" \/><\/figure><div class=\"wp-block-media-text__content\">\n<p class=\"has-large-font-size\"><strong><a rel=\"noreferrer noopener\" href=\"https:\/\/www2.units.it\/ecowelfare\/wp-content\/uploads\/2022\/02\/Locandina_Ciamician-CER.pdf\" target=\"_blank\">Comunit\u00e0 energetiche in Italia<\/a><\/strong><\/p>\n<\/div><\/div>\n\n\n\n<p><strong><a rel=\"noreferrer noopener\" aria-label=\" (opens in a new tab)\" href=\"https:\/\/www2.units.it\/ecowelfare\/wp-content\/uploads\/2022\/02\/Locandina_Ciamician-CER.pdf\" target=\"_blank\"><\/a><\/strong>Book presentation by<br><strong>LORENZO DE VIDOVICH<\/strong> &#8211; University of Trieste<br><strong>LUCA TRICARICO<\/strong> &#8211; Luiss Guido Carli<br><strong>MATTEO ZULIANELLO<\/strong> &#8211; RSE, Ricerca Sistema Energetico<\/p>\n\n\n\n<hr class=\"wp-block-separator is-style-wide\"\/>\n\n\n\n<h3 class=\"wp-block-heading\">14 December 2021<\/h3>\n\n\n\n<div class=\"wp-block-media-text alignwide\" style=\"grid-template-columns:34% auto\"><figure class=\"wp-block-media-text__media\"><img loading=\"lazy\" decoding=\"async\" width=\"724\" height=\"1024\" src=\"https:\/\/www2.units.it\/ecowelfare\/wp-content\/uploads\/2022\/02\/Locandina_Lampis_ITA-724x1024.jpg\" alt=\"\" class=\"wp-image-228\" srcset=\"https:\/\/sites.units.it\/ecowelfare\/wp-content\/uploads\/2022\/02\/Locandina_Lampis_ITA-724x1024.jpg 724w, https:\/\/sites.units.it\/ecowelfare\/wp-content\/uploads\/2022\/02\/Locandina_Lampis_ITA-212x300.jpg 212w, https:\/\/sites.units.it\/ecowelfare\/wp-content\/uploads\/2022\/02\/Locandina_Lampis_ITA-768x1087.jpg 768w, https:\/\/sites.units.it\/ecowelfare\/wp-content\/uploads\/2022\/02\/Locandina_Lampis_ITA-1200x1698.jpg 1200w\" sizes=\"(max-width: 724px) 85vw, 724px\" \/><\/figure><div class=\"wp-block-media-text__content\">\n<p class=\"has-large-font-size\"><a rel=\"noreferrer noopener\" href=\"https:\/\/www2.units.it\/ecowelfare\/wp-content\/uploads\/2022\/02\/locandina_lampis_ita.pdf\" target=\"_blank\"><strong>Brazil and Latin America in the face of the climate and energy crisis<\/strong><\/a><\/p>\n<\/div><\/div>\n\n\n\n<p>Lecture by<br><strong>ANDREA LAMPIS<\/strong> &#8211; Institute of Energy and Environment, University of S\u00e3o Paulo<\/p>\n","protected":false},"excerpt":{"rendered":"<p>The eco-welfare research group organized a panel on renewable energy communities at the 12th edition of Trieste Next ? Webinar series on energy poverty, vol 2: energy poverty between research and action &#8211; winter 2023 Supported by &#8220;Centro Interdipartimentale per l&#8217;Energia, l&#8217;Ambiente e i Trasporti Giacomo Ciamician&#8220; 22 February, 4:30-6:30 PM From&nbsp;niche to mainstream: energy &hellip; <a href=\"https:\/\/sites.units.it\/ecowelfare\/index.php\/seminars\/\" class=\"more-link\">Continue reading<span class=\"screen-reader-text\"> &#8220;Organized Seminars&#8221;<\/span><\/a><\/p>\n","protected":false},"author":1,"featured_media":0,"parent":0,"menu_order":0,"comment_status":"closed","ping_status":"closed","template":"","meta":{"footnotes":""},"_links":{"self":[{"href":"https:\/\/sites.units.it\/ecowelfare\/index.php\/wp-json\/wp\/v2\/pages\/178"}],"collection":[{"href":"https:\/\/sites.units.it\/ecowelfare\/index.php\/wp-json\/wp\/v2\/pages"}],"about":[{"href":"https:\/\/sites.units.it\/ecowelfare\/index.php\/wp-json\/wp\/v2\/types\/page"}],"author":[{"embeddable":true,"href":"https:\/\/sites.units.it\/ecowelfare\/index.php\/wp-json\/wp\/v2\/users\/1"}],"replies":[{"embeddable":true,"href":"https:\/\/sites.units.it\/ecowelfare\/index.php\/wp-json\/wp\/v2\/comments?post=178"}],"version-history":[{"count":76,"href":"https:\/\/sites.units.it\/ecowelfare\/index.php\/wp-json\/wp\/v2\/pages\/178\/revisions"}],"predecessor-version":[{"id":719,"href":"https:\/\/sites.units.it\/ecowelfare\/index.php\/wp-json\/wp\/v2\/pages\/178\/revisions\/719"}],"wp:attachment":[{"href":"https:\/\/sites.units.it\/ecowelfare\/index.php\/wp-json\/wp\/v2\/media?parent=178"}],"curies":[{"name":"wp","href":"https:\/\/api.w.org\/{rel}","templated":true}]}}